{"id":12,"date":"2019-02-11T15:10:17","date_gmt":"2019-02-11T17:10:17","guid":{"rendered":"http:\/\/www.titomartinojazz.com.br\/cms\/?page_id=12"},"modified":"2024-11-27T15:08:15","modified_gmt":"2024-11-27T18:08:15","slug":"cds","status":"publish","type":"page","link":"https:\/\/www.titomartinojazz.com.br\/cms\/cds\/","title":{"rendered":"LPs e CDs"},"content":{"rendered":"\n<p class=\"has-text-align-center\"><strong>DISCOGRAFIA DE TITO MARTINO<\/strong><\/p>\n\n\n<div class=\"wp-block-image\">\n<figure class=\"aligncenter\"><a href=\"https:\/\/open.spotify.com\/playlist\/2ljA1pDSoPEN4hMD3Z3PyZ?si=a017fbb247eb433a\"><img fetchpriority=\"high\" decoding=\"async\" width=\"620\" height=\"633\" src=\"http:\/\/www.titomartinojazz.com.br\/cms\/wp-content\/uploads\/2019\/02\/discografia1967-1.jpg\" alt=\"\" class=\"wp-image-127\" srcset=\"https:\/\/www.titomartinojazz.com.br\/cms\/wp-content\/uploads\/2019\/02\/discografia1967-1.jpg 620w, https:\/\/www.titomartinojazz.com.br\/cms\/wp-content\/uploads\/2019\/02\/discografia1967-1-294x300.jpg 294w, https:\/\/www.titomartinojazz.com.br\/cms\/wp-content\/uploads\/2019\/02\/discografia1967-1-370x378.jpg 370w\" sizes=\"(max-width: 620px) 100vw, 620px\" \/><\/a><\/figure><\/div>\n\n<div class=\"wp-block-image\">\n<figure class=\"aligncenter is-resized\"><img decoding=\"async\" width=\"119\" height=\"122\" src=\"http:\/\/www.titomartinojazz.com.br\/cms\/wp-content\/uploads\/2019\/02\/discografia2010.jpg\" alt=\"\" class=\"wp-image-131\" style=\"width:183px;height:188px\"\/><figcaption class=\"wp-element-caption\">2010<\/figcaption><\/figure><\/div>\n\n<div class=\"wp-block-image\">\n<figure class=\"aligncenter size-full is-resized\"><a href=\"https:\/\/open.spotify.com\/playlist\/2ljA1pDSoPEN4hMD3Z3PyZ?si=a017fbb247eb433a\"><img decoding=\"async\" width=\"225\" height=\"225\" src=\"https:\/\/www.titomartinojazz.com.br\/cms\/wp-content\/uploads\/2023\/04\/cms-lps-e-cds-download.png\" alt=\"\" class=\"wp-image-715\" style=\"width:-510px;height:-510px\" srcset=\"https:\/\/www.titomartinojazz.com.br\/cms\/wp-content\/uploads\/2023\/04\/cms-lps-e-cds-download.png 225w, https:\/\/www.titomartinojazz.com.br\/cms\/wp-content\/uploads\/2023\/04\/cms-lps-e-cds-download-150x150.png 150w\" sizes=\"(max-width: 225px) 100vw, 225px\" \/><\/a><figcaption class=\"wp-element-caption\">Spotify<\/figcaption><\/figure><\/div>\n\n\n<p class=\"has-text-align-center\"><strong>_____________________________________________________<\/strong><\/p>\n\n\n\n<h2 class=\"wp-block-heading has-text-align-center\">    1968 &#8211; LP &#8216;TRADITIONAL JAZZ BAND&#8217;<\/h2>\n\n\n\n<figure class=\"wp-block-gallery has-nested-images columns-default is-cropped wp-block-gallery-1 is-layout-flex wp-block-gallery-is-layout-flex\">\n<figure class=\"wp-block-image size-large\"><a href=\"https:\/\/www.youtube.com\/watch?v=tyVCd3ZThVI&amp;t=1864s\"><img loading=\"lazy\" decoding=\"async\" width=\"394\" height=\"400\" data-id=\"552\" src=\"https:\/\/www.titomartinojazz.com.br\/cms\/wp-content\/uploads\/2023\/04\/cms-lps-e-cds-m-12459ca-1.jpg\" alt=\"\" class=\"wp-image-552\" srcset=\"https:\/\/www.titomartinojazz.com.br\/cms\/wp-content\/uploads\/2023\/04\/cms-lps-e-cds-m-12459ca-1.jpg 394w, https:\/\/www.titomartinojazz.com.br\/cms\/wp-content\/uploads\/2023\/04\/cms-lps-e-cds-m-12459ca-1-296x300.jpg 296w\" sizes=\"(max-width: 394px) 100vw, 394px\" \/><\/a><figcaption class=\"wp-element-caption\"><strong>Para ouvir, clique na capa.<\/strong><\/figcaption><\/figure>\n<\/figure>\n\n\n\n<p><em>TRADITIONAL JAZZ BAND \u00e9 um Long Play lan\u00e7ado em em 12 de Maio de 1968. M\u00fasicos: Tito Martino &#8211; clarinete; Andr\u00e9 Busic &#8211; cornet e vocais; Jean-Pierre Henkart &#8211; trombone faixas 9, 10 e 11; Onofre Cardoso &#8211; trombone demais faixas; Daniel Grisanti &#8211; contrabaixo; Reynaldo Mayer &#8211; banjo; Laurindo Godoy &#8211; washboard. S\u00e3o Paulo, Brasil.<\/em><\/p>\n\n\n\n<p>Ou\u00e7a este disco no <strong>Spotify<\/strong>: <a href=\"https:\/\/open.spotify.com\/intl-pt\/album\/2I1lPbacssurPzMsvZcBej?si=rl_5qhlXQq66vKAicullqw\" data-type=\"link\" data-id=\"https:\/\/open.spotify.com\/intl-pt\/album\/2I1lPbacssurPzMsvZcBej?si=rl_5qhlXQq66vKAicullqw\" target=\"_blank\" rel=\"noreferrer noopener\">CLIQUE AQUI!<\/a><\/p>\n\n\n\n<p><\/p>\n\n\n\n<p class=\"has-text-align-center\"><strong>_____________________________________________________<\/strong><\/p>\n\n\n\n<h2 class=\"wp-block-heading has-text-align-center\">1973 &#8211; LP &#8216;SUCESSO NOS U.S.A.&#8217;<\/h2>\n\n\n\n<figure class=\"wp-block-gallery has-nested-images columns-default is-cropped wp-block-gallery-2 is-layout-flex wp-block-gallery-is-layout-flex\">\n<figure class=\"wp-block-image size-full\"><a href=\"https:\/\/www.youtube.com\/watch?v=B4Y1WQ02mhs&amp;list=PLW51iTug8k0qsX5hbKdoH495Z6P-FdK76&amp;index=2\"><img loading=\"lazy\" decoding=\"async\" width=\"600\" height=\"600\" data-id=\"558\" src=\"https:\/\/www.titomartinojazz.com.br\/cms\/wp-content\/uploads\/2023\/04\/cms-lps-e-cds-original-vinil-traditional-jazz-band-sucesso-nos-usa-2.jpg\" alt=\"\" class=\"wp-image-558\" srcset=\"https:\/\/www.titomartinojazz.com.br\/cms\/wp-content\/uploads\/2023\/04\/cms-lps-e-cds-original-vinil-traditional-jazz-band-sucesso-nos-usa-2.jpg 600w, https:\/\/www.titomartinojazz.com.br\/cms\/wp-content\/uploads\/2023\/04\/cms-lps-e-cds-original-vinil-traditional-jazz-band-sucesso-nos-usa-2-300x300.jpg 300w, https:\/\/www.titomartinojazz.com.br\/cms\/wp-content\/uploads\/2023\/04\/cms-lps-e-cds-original-vinil-traditional-jazz-band-sucesso-nos-usa-2-150x150.jpg 150w\" sizes=\"(max-width: 600px) 100vw, 600px\" \/><\/a><figcaption class=\"wp-element-caption\"><strong>Para ouvir, clique na capa.<\/strong><\/figcaption><\/figure>\n<\/figure>\n\n\n\n<p>LP de 1973  &#8211; Forma\u00e7\u00e3o da TJB neste \u00e1lbum: <\/p>\n\n\n\n<p><em>Tito Martino (clarinete, saxofone) Austin Roberts (pist\u00e3o) Sergio Tamburri (trombone) Luchin Montoya (piano) Eduardo Bugni (banjo, viol\u00e3o) Daniel Grisanti (contrabaixo) Sacha Kliass (washboard).<\/em><\/p>\n\n\n\n<p><em>Gravado nos Est\u00fadios Reunidos Ltda, em 08 de Agosto e 31 de Outubro de 1973. <\/em><\/p>\n\n\n\n<p><em>Produ\u00e7\u00e3o:<\/em> <em>Augusto C\u00e9zar de Aguiar T\u00e9cnico de som: J. Martins Master: A.C. de Aguiar, J. Martins e A.Martino Capa: A. Martino Fotos: Camera Press (capa) e Eduardo Bugni (contracapa)<\/em><\/p>\n\n\n\n<p><\/p>\n\n\n\n<p><\/p>\n\n\n\n<p class=\"has-text-align-center\"><strong>_____________________________________________________<\/strong><\/p>\n\n\n\n<h2 class=\"wp-block-heading has-text-align-center\">1977 &#8211; LP &#8216;A ERA DE OURO DO DIXIELAND&#8217;<\/h2>\n\n\n\n<figure class=\"wp-block-gallery has-nested-images columns-default is-cropped wp-block-gallery-3 is-layout-flex wp-block-gallery-is-layout-flex\">\n<figure class=\"wp-block-image size-large\"><a href=\"https:\/\/www.youtube.com\/watch?v=mZooGY_ONLU&amp;list=PLW51iTug8k0qsX5hbKdoH495Z6P-FdK76&amp;index=3\"><img loading=\"lazy\" decoding=\"async\" width=\"400\" height=\"400\" data-id=\"561\" src=\"https:\/\/www.titomartinojazz.com.br\/cms\/wp-content\/uploads\/2023\/04\/cms-lps-e-cds-m-12461ca.jpg\" alt=\"\" class=\"wp-image-561\" srcset=\"https:\/\/www.titomartinojazz.com.br\/cms\/wp-content\/uploads\/2023\/04\/cms-lps-e-cds-m-12461ca.jpg 400w, https:\/\/www.titomartinojazz.com.br\/cms\/wp-content\/uploads\/2023\/04\/cms-lps-e-cds-m-12461ca-300x300.jpg 300w, https:\/\/www.titomartinojazz.com.br\/cms\/wp-content\/uploads\/2023\/04\/cms-lps-e-cds-m-12461ca-150x150.jpg 150w\" sizes=\"(max-width: 400px) 100vw, 400px\" \/><\/a><figcaption class=\"wp-element-caption\"><strong>Para ouvir, clique na capa.<\/strong><\/figcaption><\/figure>\n<\/figure>\n\n\n\n<p><em>LP de 1977  &#8220;A ERA DE OURO DO DIXIELAND&#8221; da TRADITIONAL JAZZ BAND&#8221;<\/em> <\/p>\n\n\n\n<p><em>Componentes: TITO MARTINO &#8211; clarinete e saxofone soprano; ANDR\u00c9 BUSIC &#8211; cornet e vocais; S\u00c9RGIO TAMBURRI &#8211; trombone; LUCHIN MONTOYA &#8211; piano; DANIEL GRISANTI &#8211; contrabaixo ac\u00fastico; FRANCISCO &#8220;DUDU&#8221; PEREIRA &#8211; banjo; LAURINDO GODOY &#8211; washboard e bateria <\/em><\/p>\n\n\n\n<p><em>Assessor de Produ\u00e7\u00e3o: AUGUSTO CEZAR DE AGUIAR<\/em><\/p>\n\n\n\n<p>Ou\u00e7a este disco no <strong>Spotify<\/strong>: <a href=\"https:\/\/open.spotify.com\/intl-pt\/album\/3gIyYHs0CFMxNjxWVmmRpF?si=O2sV0v_bTDa8fYRO_gcLmA\" data-type=\"link\" data-id=\"https:\/\/open.spotify.com\/intl-pt\/album\/3gIyYHs0CFMxNjxWVmmRpF?si=O2sV0v_bTDa8fYRO_gcLmA\">CLIQUE AQUI!<\/a><\/p>\n\n\n\n<p class=\"has-text-align-center\"><strong>_____________________________________________________<\/strong><\/p>\n\n\n\n<h2 class=\"wp-block-heading has-text-align-center\">1978 &#8211; LP &#8216;RA\u00cdZES DO JAZZ&#8217;<\/h2>\n\n\n\n<figure class=\"wp-block-gallery has-nested-images columns-default is-cropped wp-block-gallery-4 is-layout-flex wp-block-gallery-is-layout-flex\">\n<figure class=\"wp-block-image size-large\"><a href=\"https:\/\/www.youtube.com\/watch?v=JpycHxQYorg&amp;list=PLW51iTug8k0qsX5hbKdoH495Z6P-FdK76&amp;index=4\"><img loading=\"lazy\" decoding=\"async\" width=\"640\" height=\"632\" data-id=\"566\" src=\"https:\/\/www.titomartinojazz.com.br\/cms\/wp-content\/uploads\/2023\/04\/cms-lps-e-cds-437264165329535-4.jpg\" alt=\"\" class=\"wp-image-566\" srcset=\"https:\/\/www.titomartinojazz.com.br\/cms\/wp-content\/uploads\/2023\/04\/cms-lps-e-cds-437264165329535-4.jpg 640w, https:\/\/www.titomartinojazz.com.br\/cms\/wp-content\/uploads\/2023\/04\/cms-lps-e-cds-437264165329535-4-300x296.jpg 300w, https:\/\/www.titomartinojazz.com.br\/cms\/wp-content\/uploads\/2023\/04\/cms-lps-e-cds-437264165329535-4-600x593.jpg 600w\" sizes=\"(max-width: 640px) 100vw, 640px\" \/><\/a><figcaption class=\"wp-element-caption\"><strong>Para ouvir, clique na capa.<\/strong><\/figcaption><\/figure>\n<\/figure>\n\n\n\n<p><em>&#8220;RA\u00cdZES DO JAZZ&#8221; \u00e9 um LP da TRADITIONAL JAZZ BAND, gravado em 1978 em S\u00e3o Paulo, Brasil. <\/em><\/p>\n\n\n\n<p><em>A Banda: TITO MARTINO (clarinete, saxofone soprano, saxofone alto, l\u00edder); CARLOS LIMA (pist\u00e3o); ALEXANDRE ARRUDA (trombone); EDMUNDO CALLIA (piano); EDUARDO BUGNI (banjo e viol\u00e3o); JOS\u00c9 MACHADO MALUF (contrabaixo); ALCIDES DE OLIVEIRA LIMA (bateria e washboard).<\/em><\/p>\n\n\n\n<p><em>Produtores: Augusto Cezar de Aguiar e Tito Martino Operadores de Est\u00fadio: Luis Carlos Batista; Fl\u00e1vio A. Barreira; Jos\u00e9 L. Costa; Jo\u00e3o Batista Andrade e Aparecido Lopes Filho. Mixagem: Augusto Cezar de Aguiar Fotografia da contracapa: Andreas Heiniger Capa: Ariel Severino<\/em><\/p>\n\n\n\n<p>Ou\u00e7a este disco no <strong>Spotify<\/strong>: <a href=\"https:\/\/open.spotify.com\/intl-pt\/album\/7h8sg8XJnVLS5xFq9DtraD?si=adJaQjRaQn2pv8l_rtWsJQ\">CLIQUE AQUI!<\/a><\/p>\n","protected":false},"excerpt":{"rendered":"<p>DISCOGRAFIA DE TITO MARTINO _____________________________________________________ 1968 &#8211; LP &#8216;TRADITIONAL JAZZ BAND&#8217; TRADITIONAL JAZZ BAND \u00e9 um Long Play lan\u00e7ado em em 12 de Maio de 1968. M\u00fasicos: Tito Martino &#8211; clarinete; Andr\u00e9 Busic &#8211; cornet e vocais; Jean-Pierre Henkart &#8211;&#8230; <a class=\"more-link\" href=\"https:\/\/www.titomartinojazz.com.br\/cms\/cds\/\">Continue Reading &rarr;<\/a><\/p>\n","protected":false},"author":1,"featured_media":0,"parent":0,"menu_order":0,"comment_status":"closed","ping_status":"closed","template":"","meta":{"footnotes":""},"class_list":["post-12","page","type-page","status-publish","hentry"],"_links":{"self":[{"href":"https:\/\/www.titomartinojazz.com.br\/cms\/wp-json\/wp\/v2\/pages\/12","targetHints":{"allow":["GET"]}}],"collection":[{"href":"https:\/\/www.titomartinojazz.com.br\/cms\/wp-json\/wp\/v2\/pages"}],"about":[{"href":"https:\/\/www.titomartinojazz.com.br\/cms\/wp-json\/wp\/v2\/types\/page"}],"author":[{"embeddable":true,"href":"https:\/\/www.titomartinojazz.com.br\/cms\/wp-json\/wp\/v2\/users\/1"}],"replies":[{"embeddable":true,"href":"https:\/\/www.titomartinojazz.com.br\/cms\/wp-json\/wp\/v2\/comments?post=12"}],"version-history":[{"count":44,"href":"https:\/\/www.titomartinojazz.com.br\/cms\/wp-json\/wp\/v2\/pages\/12\/revisions"}],"predecessor-version":[{"id":871,"href":"https:\/\/www.titomartinojazz.com.br\/cms\/wp-json\/wp\/v2\/pages\/12\/revisions\/871"}],"wp:attachment":[{"href":"https:\/\/www.titomartinojazz.com.br\/cms\/wp-json\/wp\/v2\/media?parent=12"}],"curies":[{"name":"wp","href":"https:\/\/api.w.org\/{rel}","templated":true}]}}