{"id":18,"date":"2019-02-11T15:12:21","date_gmt":"2019-02-11T17:12:21","guid":{"rendered":"http:\/\/www.titomartinojazz.com.br\/cms\/?page_id=18"},"modified":"2025-06-23T11:32:10","modified_gmt":"2025-06-23T14:32:10","slug":"galeria","status":"publish","type":"page","link":"https:\/\/www.titomartinojazz.com.br\/cms\/galeria\/","title":{"rendered":"GALERIA de V\u00cdDEOS"},"content":{"rendered":"\n<p>Nessa edi\u00e7\u00e3o:<\/p>\n\n\n\n<p>Jazz Concert 2011<\/p>\n\n\n\n<p>Jazz Concert 2015<\/p>\n\n\n\n<p>Tito Martino \/ Traditional Jazz Band, 1983<\/p>\n\n\n\n<p>Jazz Fireworks, 1995<\/p>\n\n\n\n<p>Jam Session com Oscar Peterson, 1972<\/p>\n\n\n\n<p>Tito Martino Jazz Band no Programa &#8221; Todo seu&#8221; de Ronnie Von, 2010<\/p>\n\n\n\n<hr class=\"wp-block-separator has-css-opacity\"\/>\n\n\n\n<p class=\"has-text-align-center\"><strong>JAZZ CONCERT, 2011<\/strong>:<\/p>\n\n\n\n<figure class=\"wp-block-embed is-type-video is-provider-youtube wp-block-embed-youtube wp-embed-aspect-16-9 wp-has-aspect-ratio\"><div class=\"wp-block-embed__wrapper\">\n<iframe title=\"DVD - Show Tito Martino Jazz Band\" width=\"676\" height=\"380\" src=\"https:\/\/www.youtube.com\/embed\/dqkR1Q6uQS8?feature=oembed\" frameborder=\"0\" allow=\"accelerometer; autoplay; clipboard-write; encrypted-media; gyroscope; picture-in-picture; web-share\" referrerpolicy=\"strict-origin-when-cross-origin\" allowfullscreen><\/iframe>\n<\/div><\/figure>\n\n\n\n<p class=\"has-text-align-center\">________________________________________________________<\/p>\n\n\n\n<p class=\"has-text-align-center\"><strong>JAZZ CONCERT, 2015<\/strong>:<\/p>\n\n\n\n<figure class=\"wp-block-embed is-type-video is-provider-youtube wp-block-embed-youtube wp-embed-aspect-16-9 wp-has-aspect-ratio\"><div class=\"wp-block-embed__wrapper\">\n<iframe title=\"Djane Borba e Tito Martino Jazz Band - Jazz Concert 2.015\" width=\"676\" height=\"380\" src=\"https:\/\/www.youtube.com\/embed\/KsjTTU6El6Q?feature=oembed\" frameborder=\"0\" allow=\"accelerometer; autoplay; clipboard-write; encrypted-media; gyroscope; picture-in-picture; web-share\" referrerpolicy=\"strict-origin-when-cross-origin\" allowfullscreen><\/iframe>\n<\/div><figcaption class=\"wp-element-caption\"><em>Tito Martino (sax soprano) &#8211; Djane Borba (voz) &#8211; Carlos Lima (trombone) &#8211; Ari Giorgi (piano) &#8211; Ciddy Junior (banjo) &#8211; Zeca Araujo (baixo ac\u00fastico) &#8211; Paulinho de Lima (bateria). JAZZ CONCERT 2015 &#8211; Theatro S\u00e3o Pedro, S\u00e3o Paulo -SP.<\/em><\/figcaption><\/figure>\n\n\n\n<p><\/p>\n\n\n\n<figure class=\"wp-block-embed is-type-video is-provider-youtube wp-block-embed-youtube wp-embed-aspect-16-9 wp-has-aspect-ratio\"><div class=\"wp-block-embed__wrapper\">\n<iframe title=\"BROWN SKIN MAMA with TITO MARTINO JAZZ BAND\" width=\"676\" height=\"380\" src=\"https:\/\/www.youtube.com\/embed\/wF_P3jyMKcE?feature=oembed\" frameborder=\"0\" allow=\"accelerometer; autoplay; clipboard-write; encrypted-media; gyroscope; picture-in-picture; web-share\" referrerpolicy=\"strict-origin-when-cross-origin\" allowfullscreen><\/iframe>\n<\/div><figcaption class=\"wp-element-caption\"><em>Tito Martino (sax soprano) &#8211; Carlos Lima (trombone) &#8211; Alexandre Hage (piano) &#8211; Ciddy Junior (banjo) &#8211; <br>Zeca Araujo (baixo ac\u00fastico) &#8211; Paulinho de Lima (bateria). JAZZ CONCERT 2015 &#8211; Theatro S\u00e3o Pedro, S\u00e3o Paulo -SP.<\/em><\/figcaption><\/figure>\n\n\n\n<p><\/p>\n\n\n\n<p class=\"has-text-align-center\">________________________________________________________<\/p>\n\n\n\n<p class=\"has-text-align-center\"><strong>TITO MARTINO \/TRADITIONAL JAZZ BAND<\/strong>, <strong>1983<\/strong>:<\/p>\n\n\n\n<p><em>Recorded by a Brazilian public TV in the last performance of clarinetist Tito Martino with the Traditional Jazz Band, before he changed his residence to Swiss in 1983. Martino started, named and lead the Traditional Jazz Band for 20 years. This is certainly one of the best performances of this band, one which all their members can feel proud of. At this time, Carlos Lima was at trumpet, Bruno Christen trombone (he is now living in Swiss) Tito Martino clarinet, sop.sax, altosax and leader, Edo Callia piano, Dudu Bugni banjo and guitar, Carlos Chaim bass, and Alcides Lima drums and washboard. Tito came back to S\u00e3o Paulo in 1993 and now plays with his new group, the TITO MARTINO JAZZ BAND.<\/em><\/p>\n\n\n\n<figure class=\"wp-block-embed is-type-video is-provider-youtube wp-block-embed-youtube wp-embed-aspect-4-3 wp-has-aspect-ratio\"><div class=\"wp-block-embed__wrapper\">\n<iframe title=\"BLUES 4 TITO MARTINO 1983 with the TRADITIONAL JAZZ BAND\" width=\"676\" height=\"507\" src=\"https:\/\/www.youtube.com\/embed\/P_lY743_Bdw?feature=oembed\" frameborder=\"0\" allow=\"accelerometer; autoplay; clipboard-write; encrypted-media; gyroscope; picture-in-picture; web-share\" referrerpolicy=\"strict-origin-when-cross-origin\" allowfullscreen><\/iframe>\n<\/div><\/figure>\n\n\n\n<figure class=\"wp-block-embed is-type-video is-provider-youtube wp-block-embed-youtube wp-embed-aspect-4-3 wp-has-aspect-ratio\"><div class=\"wp-block-embed__wrapper\">\n<iframe title=\"C JAM BLUES 8 TITO MARTINO 1983  w. the TJB\" width=\"676\" height=\"507\" src=\"https:\/\/www.youtube.com\/embed\/wZAPnDhnLjs?feature=oembed\" frameborder=\"0\" allow=\"accelerometer; autoplay; clipboard-write; encrypted-media; gyroscope; picture-in-picture; web-share\" referrerpolicy=\"strict-origin-when-cross-origin\" allowfullscreen><\/iframe>\n<\/div><\/figure>\n\n\n\n<figure class=\"wp-block-embed is-type-video is-provider-youtube wp-block-embed-youtube wp-embed-aspect-4-3 wp-has-aspect-ratio\"><div class=\"wp-block-embed__wrapper\">\n<iframe title=\"DIPPERMOUTH BLUES 9 TITO MARTINO 1983 w. the TJB\" width=\"676\" height=\"507\" src=\"https:\/\/www.youtube.com\/embed\/eYvyHKMywkM?feature=oembed\" frameborder=\"0\" allow=\"accelerometer; autoplay; clipboard-write; encrypted-media; gyroscope; picture-in-picture; web-share\" referrerpolicy=\"strict-origin-when-cross-origin\" allowfullscreen><\/iframe>\n<\/div><\/figure>\n\n\n\n<figure class=\"wp-block-embed is-type-video is-provider-youtube wp-block-embed-youtube wp-embed-aspect-4-3 wp-has-aspect-ratio\"><div class=\"wp-block-embed__wrapper\">\n<iframe title=\"CALIFORNIA HERE I COME 7 TITO MARTINO w. the TJB\" width=\"676\" height=\"507\" src=\"https:\/\/www.youtube.com\/embed\/Xgcgnq76NCI?feature=oembed\" frameborder=\"0\" allow=\"accelerometer; autoplay; clipboard-write; encrypted-media; gyroscope; picture-in-picture; web-share\" referrerpolicy=\"strict-origin-when-cross-origin\" allowfullscreen><\/iframe>\n<\/div><\/figure>\n\n\n\n<figure class=\"wp-block-embed is-type-video is-provider-youtube wp-block-embed-youtube wp-embed-aspect-4-3 wp-has-aspect-ratio\"><div class=\"wp-block-embed__wrapper\">\n<iframe title=\"STRUTTIN&#039; WITH SOME BARBECUE 6 TITO MARTINO  TJB 1983\" width=\"676\" height=\"507\" src=\"https:\/\/www.youtube.com\/embed\/AbLQU72BklQ?feature=oembed\" frameborder=\"0\" allow=\"accelerometer; autoplay; clipboard-write; encrypted-media; gyroscope; picture-in-picture; web-share\" referrerpolicy=\"strict-origin-when-cross-origin\" allowfullscreen><\/iframe>\n<\/div><\/figure>\n\n\n\n<figure class=\"wp-block-embed is-type-video is-provider-youtube wp-block-embed-youtube wp-embed-aspect-4-3 wp-has-aspect-ratio\"><div class=\"wp-block-embed__wrapper\">\n<iframe title=\"ROSE ROOM 5 TITO MARTINO 1983 with the TRADITIONAL JAZZ BAND\" width=\"676\" height=\"507\" src=\"https:\/\/www.youtube.com\/embed\/yxmbmbVStjc?feature=oembed\" frameborder=\"0\" allow=\"accelerometer; autoplay; clipboard-write; encrypted-media; gyroscope; picture-in-picture; web-share\" referrerpolicy=\"strict-origin-when-cross-origin\" allowfullscreen><\/iframe>\n<\/div><\/figure>\n\n\n\n<figure class=\"wp-block-embed is-type-video is-provider-youtube wp-block-embed-youtube wp-embed-aspect-4-3 wp-has-aspect-ratio\"><div class=\"wp-block-embed__wrapper\">\n<iframe title=\"BOURBON STREET PARADE 3 TITO MARTINO 1983\" width=\"676\" height=\"507\" src=\"https:\/\/www.youtube.com\/embed\/DWnX6O1_tEY?feature=oembed\" frameborder=\"0\" allow=\"accelerometer; autoplay; clipboard-write; encrypted-media; gyroscope; picture-in-picture; web-share\" referrerpolicy=\"strict-origin-when-cross-origin\" allowfullscreen><\/iframe>\n<\/div><\/figure>\n\n\n\n<figure class=\"wp-block-embed is-type-video is-provider-youtube wp-block-embed-youtube wp-embed-aspect-4-3 wp-has-aspect-ratio\"><div class=\"wp-block-embed__wrapper\">\n<iframe title=\"BLUES MY NAUGHTY 2 TITO MARTINO 1983 w. TRAD. J. BAND\" width=\"676\" height=\"507\" src=\"https:\/\/www.youtube.com\/embed\/L4E_8eZP64E?feature=oembed\" frameborder=\"0\" allow=\"accelerometer; autoplay; clipboard-write; encrypted-media; gyroscope; picture-in-picture; web-share\" referrerpolicy=\"strict-origin-when-cross-origin\" allowfullscreen><\/iframe>\n<\/div><\/figure>\n\n\n\n<figure class=\"wp-block-embed is-type-video is-provider-youtube wp-block-embed-youtube wp-embed-aspect-4-3 wp-has-aspect-ratio\"><div class=\"wp-block-embed__wrapper\">\n<iframe title=\"SINCE MY 1 TITO MARTINO 1983 with the TRADITIONAL JAZZ BAND\" width=\"676\" height=\"507\" src=\"https:\/\/www.youtube.com\/embed\/fD_mAlG8k9c?feature=oembed\" frameborder=\"0\" allow=\"accelerometer; autoplay; clipboard-write; encrypted-media; gyroscope; picture-in-picture; web-share\" referrerpolicy=\"strict-origin-when-cross-origin\" allowfullscreen><\/iframe>\n<\/div><\/figure>\n\n\n\n<p class=\"has-text-align-center\">________________________________________________________<\/p>\n\n\n\n<p class=\"has-text-align-center\"><strong>JAZZ FIREWORKS, 1995<\/strong>:<\/p>\n\n\n\n<figure class=\"wp-block-embed is-type-video is-provider-youtube wp-block-embed-youtube wp-embed-aspect-16-9 wp-has-aspect-ratio\"><div class=\"wp-block-embed__wrapper\">\n<iframe title=\"TITO MARTINO and JAZZ FIREWORKS - 1995\" width=\"676\" height=\"380\" src=\"https:\/\/www.youtube.com\/embed\/wri_MqIANuI?start=172&#038;feature=oembed\" frameborder=\"0\" allow=\"accelerometer; autoplay; clipboard-write; encrypted-media; gyroscope; picture-in-picture; web-share\" referrerpolicy=\"strict-origin-when-cross-origin\" allowfullscreen><\/iframe>\n<\/div><figcaption class=\"wp-element-caption\"><em>Video rar\u00edssimo com a forma\u00e7\u00e3o de 1995 do conjunto JAZZ FIREWORKS, criado e liderado por <br>TITO MARTINO (clarinete e sax soprano) com GILBERTO REINHEIMER (cornet), <br>LUCHIN MONTOYA (piano), TONY ROBSON (banjo), DANIEL GRISANTI (contrabaixo) e <br>LAURINDO GODOY (washboard). Gravado pelo excelente e premiado fot\u00f3grafo MANUK, grande f\u00e3 do nosso Jazz, e copiado por Tony Robson em 2019.<\/em><\/figcaption><\/figure>\n\n\n\n<p><\/p>\n\n\n\n<p><\/p>\n\n\n\n<p class=\"has-text-align-center\">________________________________________________________<\/p>\n\n\n\n<p class=\"has-text-align-center\"><strong>JAZZ FIREWORKS (2), 1995<\/strong>:<\/p>\n\n\n\n<figure class=\"wp-block-embed is-type-video is-provider-youtube wp-block-embed-youtube wp-embed-aspect-16-9 wp-has-aspect-ratio\"><div class=\"wp-block-embed__wrapper\">\n<iframe title=\"Jazz FireWorks e Wally Rose - Abril 1995   Rosetta  -  Earl Hines\" width=\"676\" height=\"380\" src=\"https:\/\/www.youtube.com\/embed\/fSx5Sj8Xdp4?feature=oembed\" frameborder=\"0\" allow=\"accelerometer; autoplay; clipboard-write; encrypted-media; gyroscope; picture-in-picture; web-share\" referrerpolicy=\"strict-origin-when-cross-origin\" allowfullscreen><\/iframe>\n<\/div><figcaption class=\"wp-element-caption\"><strong>BackStages<\/strong> \u00e9 uma serie, que resgata apresenta\u00e7\u00f5es gravadas em fitas de VHS e outros meios de registros. No ano de 1995, <strong>Jazz Fireworks<\/strong> se apresentou no Bourbon Street Music Club, S\u00e3o Paulo, Brasil.<br>Com a participa\u00e7\u00e3o especial do pianista Wally Rose, que tocou com a banda de &#8220;Lu Watters &amp; the Yerba Buena Jazz Band&#8221; por muito tempo, e um convite surgiu para ele vir ao Brasil, por duas noites tocou com a Jazz Fireworks. Os integrantes do grupo Jazz Fireworks: <strong>Tito Martino<\/strong> &#8211; clarinete (Band Lider) <strong>J. Francisco Missali <\/strong>&#8211; cornet <strong>Tony Robson<\/strong> &#8211; banjo <strong>Daniel Crisanti<\/strong> &#8211; contrabaixo <strong>Laurindo Godoy (Lalau) <\/strong>&#8211; washboard e <strong>Wally Rose<\/strong> &#8211; piano A musica interpretada &#8220;Rosetta&#8221; &#8211; Earl Hines Deixamos o nosso carinho e eternizamos nestas imagens os m\u00fasicos que por uma paix\u00e3o a musica e eu, Tony Robson um dia tive o prazer de estar ao lado deles tocando e se divertindo, J. Francisco Missali nos deixou 29\/08\/2016 Laurindo Godoy &#8211; Lalau (&#8230;..\/&#8230;&#8230;\/20&#8230;.) Wally Rose (12\/01\/1997) O video foi editado por <strong>Antonio Robson<\/strong> Grafico Designer AnexoDesign Studio www.anexodesign.com.br<\/figcaption><\/figure>\n\n\n\n<p><\/p>\n\n\n\n<p class=\"has-text-align-center\">________________________________________________________<\/p>\n\n\n\n<p class=\"has-text-align-center\"><strong>JAM SESSION COM OSCAR PETERSON, 1972<\/strong>:<\/p>\n\n\n\n<figure class=\"wp-block-embed is-type-video is-provider-youtube wp-block-embed-youtube wp-embed-aspect-4-3 wp-has-aspect-ratio\"><div class=\"wp-block-embed__wrapper\">\n<iframe title=\"TRADITIONAL JAZZ BAND COM OSCAR PETERSON!! 1972 (Registro Hist\u00f3rico!)\" width=\"676\" height=\"507\" src=\"https:\/\/www.youtube.com\/embed\/vr7F6T82Afg?feature=oembed\" frameborder=\"0\" allow=\"accelerometer; autoplay; clipboard-write; encrypted-media; gyroscope; picture-in-picture; web-share\" referrerpolicy=\"strict-origin-when-cross-origin\" allowfullscreen><\/iframe>\n<\/div><figcaption class=\"wp-element-caption\">JAM SESSION HIST\u00d3RICA! (*a grava\u00e7\u00e3o n\u00e3o est\u00e1 em boa qualidade, mas o valor hist\u00f3rico deste registro \u00e9 inestim\u00e1vel.) A FORMA\u00c7\u00c3O DE 1972 DO TRADITIONAL JAZZ BAND QUE TOCOU COM OSCAR PETERSON: DANIEL GRISANTI, contrabaixo; ONOFRE CARDOSO, trombone; LAURINDO GODOY, washboard; AUSTIN ROBERTS, cornet; TITO MARTINO, clarinete e bandleader; REYNALDO MAYER, banjo.<\/figcaption><\/figure>\n\n\n\n<p class=\"has-text-align-center\">________________________________________________________<\/p>\n\n\n\n<p class=\"has-text-align-center\"><strong>TITO MARTINO JAZZ BAND no PROGRAMA &#8216;TODO SEU&#8217; do RONNIE VON, 2010:<\/strong><\/p>\n\n\n\n<figure class=\"wp-block-embed is-type-video is-provider-youtube wp-block-embed-youtube wp-embed-aspect-4-3 wp-has-aspect-ratio\"><div class=\"wp-block-embed__wrapper\">\n<iframe title=\"TITO MARTINO JAZZ BAND at TV Show with Ronnie Von\" width=\"676\" height=\"507\" src=\"https:\/\/www.youtube.com\/embed\/AuqZIuoYLtk?start=12&#038;feature=oembed\" frameborder=\"0\" allow=\"accelerometer; autoplay; clipboard-write; encrypted-media; gyroscope; picture-in-picture; web-share\" referrerpolicy=\"strict-origin-when-cross-origin\" allowfullscreen><\/iframe>\n<\/div><figcaption class=\"wp-element-caption\">Tito Martino clarinet, Carlos Lima cornet, Ari Giorgi keyboard, Ciddy Junior jazz-guitar, Zeca Araujo bass, Billy Ponzio drums. <\/figcaption><\/figure>\n\n\n\n<p class=\"has-text-align-center\">________________________________________________________<\/p>\n\n\n\n<p class=\"has-text-align-center\"><strong>TITO MARTINO invites JOHN PIZZARELLI in S\u00e3o Paulo, 2011<\/strong>:<\/p>\n\n\n\n<figure class=\"wp-block-embed is-type-video is-provider-youtube wp-block-embed-youtube wp-embed-aspect-16-9 wp-has-aspect-ratio\"><div class=\"wp-block-embed__wrapper\">\n<iframe title=\"TITO MARTINO invites JOHN PIZZARELLI in S\u00e3o Paulo Show\" width=\"676\" height=\"380\" src=\"https:\/\/www.youtube.com\/embed\/yQlujncaD3Y?start=31&#038;feature=oembed\" frameborder=\"0\" allow=\"accelerometer; autoplay; clipboard-write; encrypted-media; gyroscope; picture-in-picture; web-share\" referrerpolicy=\"strict-origin-when-cross-origin\" allowfullscreen><\/iframe>\n<\/div><figcaption class=\"wp-element-caption\">Excepcional Show com o TITO MARTINO JAZZ BAND no Teatro Eva Herz na Livraria Cultura em S\u00e3o Paulo, em 14 de Junho de 2011. Tito Martino convidou JOHN PIZZARELLI que estava no local lan\u00e7ando seu ultimo CD. Os temas foram todos improvisados pelos artistas, no momento da interpreta\u00e7\u00e3o, sem combina\u00e7\u00e3o pr\u00e9via. THIS IS JAZZ ! With: John Pizzarelli, guitar and vocal; Tito Martino, clarinet and saxophones; Ari Giorgi, keyboard; Carlos Lima, cornet; Billy Ponzio, drums; Jo\u00e3o Paulo Zambuzi, bass; Aparecido Simielli Jr. guitar.<\/figcaption><\/figure>\n\n\n\n<p><\/p>\n","protected":false},"excerpt":{"rendered":"<p>Nessa edi\u00e7\u00e3o: Jazz Concert 2011 Jazz Concert 2015 Tito Martino \/ Traditional Jazz Band, 1983 Jazz Fireworks, 1995 Jam Session com Oscar Peterson, 1972 Tito Martino Jazz Band no Programa &#8221; Todo seu&#8221; de Ronnie Von, 2010 JAZZ CONCERT, 2011:&#8230; <a class=\"more-link\" href=\"https:\/\/www.titomartinojazz.com.br\/cms\/galeria\/\">Continue Reading &rarr;<\/a><\/p>\n","protected":false},"author":1,"featured_media":0,"parent":0,"menu_order":0,"comment_status":"closed","ping_status":"closed","template":"","meta":{"footnotes":""},"class_list":["post-18","page","type-page","status-publish","hentry"],"_links":{"self":[{"href":"https:\/\/www.titomartinojazz.com.br\/cms\/wp-json\/wp\/v2\/pages\/18","targetHints":{"allow":["GET"]}}],"collection":[{"href":"https:\/\/www.titomartinojazz.com.br\/cms\/wp-json\/wp\/v2\/pages"}],"about":[{"href":"https:\/\/www.titomartinojazz.com.br\/cms\/wp-json\/wp\/v2\/types\/page"}],"author":[{"embeddable":true,"href":"https:\/\/www.titomartinojazz.com.br\/cms\/wp-json\/wp\/v2\/users\/1"}],"replies":[{"embeddable":true,"href":"https:\/\/www.titomartinojazz.com.br\/cms\/wp-json\/wp\/v2\/comments?post=18"}],"version-history":[{"count":39,"href":"https:\/\/www.titomartinojazz.com.br\/cms\/wp-json\/wp\/v2\/pages\/18\/revisions"}],"predecessor-version":[{"id":924,"href":"https:\/\/www.titomartinojazz.com.br\/cms\/wp-json\/wp\/v2\/pages\/18\/revisions\/924"}],"wp:attachment":[{"href":"https:\/\/www.titomartinojazz.com.br\/cms\/wp-json\/wp\/v2\/media?parent=18"}],"curies":[{"name":"wp","href":"https:\/\/api.w.org\/{rel}","templated":true}]}}