{"id":874,"date":"2025-03-11T08:55:50","date_gmt":"2025-03-11T11:55:50","guid":{"rendered":"https:\/\/www.titomartinojazz.com.br\/cms\/?page_id=874"},"modified":"2025-03-11T08:55:51","modified_gmt":"2025-03-11T11:55:51","slug":"billy-ponzio-bateria","status":"publish","type":"page","link":"https:\/\/www.titomartinojazz.com.br\/cms\/billy-ponzio-bateria\/","title":{"rendered":"Billy Ponzio (bateria)"},"content":{"rendered":"\n<p><em>Frederico Lunardelli Ponzio<\/em><\/p>\n\n\n\n<figure class=\"wp-block-image size-large\"><img fetchpriority=\"high\" decoding=\"async\" width=\"1024\" height=\"768\" src=\"https:\/\/www.titomartinojazz.com.br\/cms\/wp-content\/uploads\/2025\/03\/cms-billy-ponzio-billy-4-1024x768.jpeg\" alt=\"\" class=\"wp-image-875\" srcset=\"https:\/\/www.titomartinojazz.com.br\/cms\/wp-content\/uploads\/2025\/03\/cms-billy-ponzio-billy-4-1024x768.jpeg 1024w, https:\/\/www.titomartinojazz.com.br\/cms\/wp-content\/uploads\/2025\/03\/cms-billy-ponzio-billy-4-300x225.jpeg 300w, https:\/\/www.titomartinojazz.com.br\/cms\/wp-content\/uploads\/2025\/03\/cms-billy-ponzio-billy-4-768x576.jpeg 768w, https:\/\/www.titomartinojazz.com.br\/cms\/wp-content\/uploads\/2025\/03\/cms-billy-ponzio-billy-4-600x450.jpeg 600w, https:\/\/www.titomartinojazz.com.br\/cms\/wp-content\/uploads\/2025\/03\/cms-billy-ponzio-billy-4-945x709.jpeg 945w, https:\/\/www.titomartinojazz.com.br\/cms\/wp-content\/uploads\/2025\/03\/cms-billy-ponzio-billy-4.jpeg 1200w\" sizes=\"(max-width: 1024px) 100vw, 1024px\" \/><\/figure>\n\n\n\n<p>Nasceu em 1976, S\u00e3o Paulo, Brasil.<br>Aos 13 anos, teve aulas com o&nbsp;<a href=\"https:\/\/perciosapia.wordpress.com\/\" target=\"_blank\" rel=\"noreferrer noopener\"><strong>Percio Sapia<\/strong><\/a>&nbsp;no CLAM, Escola de M\u00fasica do&nbsp;<strong>Zimbo Trio<\/strong>.<\/p>\n\n\n\n<p>De 1992 a 2002, tocou em bandas de rock autoral, como o trio de rock progressivo&nbsp;<strong>Turtles Sharks &amp; Beavers<\/strong>&nbsp;e a banda de rock psicod\u00e9lico,&nbsp;<strong>Freak<\/strong>.<\/p>\n\n\n\n<p>De 1996 a 1998, participou da sess\u00e3o de percuss\u00e3o da&nbsp;<strong>Scottish Link Pipe Band<\/strong>, banda escocesa de gaitas de foles no Brasil, sendo entrevistados no programa de&nbsp;<em>J\u00f4 Soares<\/em>&nbsp;em 1998, e participado do&nbsp;<strong>Festival Mundial de Gaita de Foles<\/strong>, em Glasgow, Esc\u00f3cia.<\/p>\n\n\n\n<p>Em Julho de 2004, atrav\u00e9s do pianista&nbsp;<a href=\"https:\/\/musicaefemera2019.wixsite.com\/meusite\" target=\"_blank\" rel=\"noreferrer noopener\"><strong>Ari Giorgi<\/strong><\/a>, conheceu&nbsp;<a href=\"https:\/\/www.instagram.com\/tito_martino_jazz_band\/\" target=\"_blank\" rel=\"noreferrer noopener\"><strong>Tito Martino<\/strong><\/a>&nbsp;e entrou para o seu grupo, desde ent\u00e3o.&nbsp;<\/p>\n\n\n\n<p>Com a&nbsp;<strong><em>Tito Martino Jazz Band<\/em><\/strong>, participou de concertos memor\u00e1veis no&nbsp;<em>Memorial da Am\u00e9rica Latina, no Teatro S\u00e3o Pedro, no Teatro Eva Herz&nbsp;<\/em>(onde a banda fez um show memor\u00e1vel com o famoso guitarrista norte-americano, John Pizzarelli). Participaram tamb\u00e9m de programas de Tv, como o&nbsp;<strong>Todo Seu<\/strong>&nbsp;de Ronnie Von,&nbsp;<strong>Metr\u00f3polis<\/strong>&nbsp;(Tv Cultura),&nbsp;<strong>Her\u00f3doto Barbeiro<\/strong>&nbsp;(Record News), al\u00e9m de shows em Portugal.<\/p>\n\n\n\n<p>Em 2013, produziu o CD&nbsp;<a href=\"https:\/\/open.spotify.com\/album\/3QngE7aeQaG10YWaK4KxGv?si=UaBcaNMfTyCe5mbxJeX5Fg\" target=\"_blank\" rel=\"noreferrer noopener\"><strong>Pioneiros do Jazz Paulistano<\/strong><\/a>, com alguns grandes nomes do jazz tradicional brasileiro&nbsp;<em>como Tito Martino.<\/em><\/p>\n\n\n\n<p>Tamb\u00e9m participou de diversas grava\u00e7\u00f5es de Jazz (dispon\u00edveis no Spotify, Youtube, etc).<\/p>\n\n\n\n<p>Em outubro de 2020, lan\u00e7ou o curso (online)&nbsp;<a href=\"https:\/\/musicaefemera2019.wixsite.com\/billy-ponzio\/vintage-drumming\" target=\"_blank\" rel=\"noreferrer noopener\">VINTAGE DRUMMING<\/a>&nbsp;, sobre a linguagem da bateria dos prim\u00f3rdios do Jazz, fruto de muita pesquisa individual e do aprendizado que teve com Tito Martino ao longo dos anos, excelente professor sobre as ra\u00edzes (e o esp\u00edrito) do Jazz.<\/p>\n\n\n\n<p>Tamb\u00e9m compositor, gravou diversos \u00e1lbuns autorais experimentais, dispon\u00edveis nas plataformas digitais.<\/p>\n","protected":false},"excerpt":{"rendered":"<p>Frederico Lunardelli Ponzio Nasceu em 1976, S\u00e3o Paulo, Brasil.Aos 13 anos, teve aulas com o&nbsp;Percio Sapia&nbsp;no CLAM, Escola de M\u00fasica do&nbsp;Zimbo Trio. De 1992 a 2002, tocou em bandas de rock autoral, como o trio de rock progressivo&nbsp;Turtles Sharks &amp;&#8230; <a class=\"more-link\" href=\"https:\/\/www.titomartinojazz.com.br\/cms\/billy-ponzio-bateria\/\">Continue Reading &rarr;<\/a><\/p>\n","protected":false},"author":3,"featured_media":0,"parent":0,"menu_order":0,"comment_status":"closed","ping_status":"closed","template":"","meta":{"footnotes":""},"class_list":["post-874","page","type-page","status-publish","hentry"],"_links":{"self":[{"href":"https:\/\/www.titomartinojazz.com.br\/cms\/wp-json\/wp\/v2\/pages\/874","targetHints":{"allow":["GET"]}}],"collection":[{"href":"https:\/\/www.titomartinojazz.com.br\/cms\/wp-json\/wp\/v2\/pages"}],"about":[{"href":"https:\/\/www.titomartinojazz.com.br\/cms\/wp-json\/wp\/v2\/types\/page"}],"author":[{"embeddable":true,"href":"https:\/\/www.titomartinojazz.com.br\/cms\/wp-json\/wp\/v2\/users\/3"}],"replies":[{"embeddable":true,"href":"https:\/\/www.titomartinojazz.com.br\/cms\/wp-json\/wp\/v2\/comments?post=874"}],"version-history":[{"count":1,"href":"https:\/\/www.titomartinojazz.com.br\/cms\/wp-json\/wp\/v2\/pages\/874\/revisions"}],"predecessor-version":[{"id":876,"href":"https:\/\/www.titomartinojazz.com.br\/cms\/wp-json\/wp\/v2\/pages\/874\/revisions\/876"}],"wp:attachment":[{"href":"https:\/\/www.titomartinojazz.com.br\/cms\/wp-json\/wp\/v2\/media?parent=874"}],"curies":[{"name":"wp","href":"https:\/\/api.w.org\/{rel}","templated":true}]}}