{"id":9,"date":"2019-02-11T15:09:38","date_gmt":"2019-02-11T17:09:38","guid":{"rendered":"http:\/\/www.titomartinojazz.com.br\/cms\/?page_id=9"},"modified":"2025-11-19T22:37:42","modified_gmt":"2025-11-20T01:37:42","slug":"a-banda","status":"publish","type":"page","link":"https:\/\/www.titomartinojazz.com.br\/cms\/a-banda\/","title":{"rendered":"A BANDA"},"content":{"rendered":"\n<p class=\"has-text-align-left\"><strong>JAZZ COM PAIX\u00c3O E SIMPLICIDADE &#8211; O JAZZ DE TITO MARTINO<\/strong><\/p>\n\n\n\n<p>O TITO MARTINO JAZZ BAND toca o <em>JAZZ TRADICIONAL AUT\u00caNTICO DE RAIZ<\/em>, assim como foi tocado por Louis Armstrong, Benny Goodman e Duke Ellington. Eles n\u00e3o copiam nem fazem &#8220;tributos&#8221; : eles criam interpreta\u00e7\u00f5es novas, atuais, respeitando as Ra\u00edzes musicais do Jazz, do mesmo modo como no xadrez criamos novas jogadas respeitando as regras do jogo.<\/p>\n\n\n\n<p>Come\u00e7ou copiando o clarinete de Johnny Dodds; mas logo descobriu Sidney Bechet, Albert Nicholas e o grande universo dos clarinetistas de Jazz. Desde ent\u00e3o tem feito sua pr\u00f3pria s\u00edntese musical e na opini\u00e3o de John Wilson, o mais antigo cr\u00edtico de Jazz dos Estados Unidos, &#8220;Tito n\u00e3o copia ningu\u00e9m e tem seu pr\u00f3prio estilo&#8221;. <\/p>\n\n\n\n<hr class=\"wp-block-separator has-css-opacity\"\/>\n\n\n\n<div class=\"wp-block-group\"><div class=\"wp-block-group__inner-container is-layout-constrained wp-block-group-is-layout-constrained\">\n<figure class=\"wp-block-gallery has-nested-images columns-default is-cropped wp-block-gallery-1 is-layout-flex wp-block-gallery-is-layout-flex\">\n<figure class=\"wp-block-image size-large\"><img fetchpriority=\"high\" decoding=\"async\" width=\"480\" height=\"853\" data-id=\"614\" src=\"https:\/\/www.titomartinojazz.com.br\/cms\/wp-content\/uploads\/2023\/04\/cms-a-banda-316866596-813085919962109-6141010774143512133-n.jpg\" alt=\"\" class=\"wp-image-614\" srcset=\"https:\/\/www.titomartinojazz.com.br\/cms\/wp-content\/uploads\/2023\/04\/cms-a-banda-316866596-813085919962109-6141010774143512133-n.jpg 480w, https:\/\/www.titomartinojazz.com.br\/cms\/wp-content\/uploads\/2023\/04\/cms-a-banda-316866596-813085919962109-6141010774143512133-n-169x300.jpg 169w\" sizes=\"(max-width: 480px) 100vw, 480px\" \/><figcaption class=\"wp-element-caption\"><strong>TITO MARTINO<\/strong> <br>(band leader, clarinete, sax soprano, vocal)<\/figcaption><\/figure>\n\n\n\n<figure class=\"wp-block-image size-large\"><img decoding=\"async\" width=\"600\" height=\"800\" data-id=\"613\" src=\"https:\/\/www.titomartinojazz.com.br\/cms\/wp-content\/uploads\/2023\/04\/cms-a-banda-315103080-3244442039180331-266622470355913371-n-1.jpg\" alt=\"\" class=\"wp-image-613\" srcset=\"https:\/\/www.titomartinojazz.com.br\/cms\/wp-content\/uploads\/2023\/04\/cms-a-banda-315103080-3244442039180331-266622470355913371-n-1.jpg 600w, https:\/\/www.titomartinojazz.com.br\/cms\/wp-content\/uploads\/2023\/04\/cms-a-banda-315103080-3244442039180331-266622470355913371-n-1-225x300.jpg 225w\" sizes=\"(max-width: 600px) 100vw, 600px\" \/><figcaption class=\"wp-element-caption\"><strong>CARLOS LIMA<\/strong> <br>(cornet e vocal)<\/figcaption><\/figure>\n<\/figure>\n<\/div><\/div>\n\n\n\n<figure class=\"wp-block-gallery has-nested-images columns-default is-cropped wp-block-gallery-2 is-layout-flex wp-block-gallery-is-layout-flex\">\n<figure class=\"wp-block-image size-full\"><img decoding=\"async\" width=\"800\" height=\"1200\" data-id=\"937\" src=\"https:\/\/www.titomartinojazz.com.br\/cms\/wp-content\/uploads\/2025\/11\/cms-a-banda-dsc4483.jpg\" alt=\"\" class=\"wp-image-937\" srcset=\"https:\/\/www.titomartinojazz.com.br\/cms\/wp-content\/uploads\/2025\/11\/cms-a-banda-dsc4483.jpg 800w, https:\/\/www.titomartinojazz.com.br\/cms\/wp-content\/uploads\/2025\/11\/cms-a-banda-dsc4483-200x300.jpg 200w, https:\/\/www.titomartinojazz.com.br\/cms\/wp-content\/uploads\/2025\/11\/cms-a-banda-dsc4483-683x1024.jpg 683w, https:\/\/www.titomartinojazz.com.br\/cms\/wp-content\/uploads\/2025\/11\/cms-a-banda-dsc4483-768x1152.jpg 768w, https:\/\/www.titomartinojazz.com.br\/cms\/wp-content\/uploads\/2025\/11\/cms-a-banda-dsc4483-600x900.jpg 600w\" sizes=\"(max-width: 800px) 100vw, 800px\" \/><figcaption class=\"wp-element-caption\"><strong>ARI GIORGI<\/strong><br>(piano)<\/figcaption><\/figure>\n\n\n\n<figure class=\"wp-block-image size-full\"><img loading=\"lazy\" decoding=\"async\" width=\"600\" height=\"1024\" data-id=\"733\" src=\"https:\/\/www.titomartinojazz.com.br\/cms\/wp-content\/uploads\/2023\/04\/cms-a-banda-whatsapp-image-2023-04-22-at-00.26.32.jpeg\" alt=\"\" class=\"wp-image-733\" srcset=\"https:\/\/www.titomartinojazz.com.br\/cms\/wp-content\/uploads\/2023\/04\/cms-a-banda-whatsapp-image-2023-04-22-at-00.26.32.jpeg 600w, https:\/\/www.titomartinojazz.com.br\/cms\/wp-content\/uploads\/2023\/04\/cms-a-banda-whatsapp-image-2023-04-22-at-00.26.32-176x300.jpeg 176w\" sizes=\"(max-width: 600px) 100vw, 600px\" \/><figcaption class=\"wp-element-caption\"><strong>ALEXANDRE HAGE<\/strong><br>(piano)<\/figcaption><\/figure>\n\n\n\n<figure class=\"wp-block-image size-large\"><img loading=\"lazy\" decoding=\"async\" width=\"510\" height=\"646\" data-id=\"489\" src=\"https:\/\/www.titomartinojazz.com.br\/cms\/wp-content\/uploads\/2022\/02\/cms-a-banda-tony-robson-04-color.jpg\" alt=\"\" class=\"wp-image-489\" srcset=\"https:\/\/www.titomartinojazz.com.br\/cms\/wp-content\/uploads\/2022\/02\/cms-a-banda-tony-robson-04-color.jpg 510w, https:\/\/www.titomartinojazz.com.br\/cms\/wp-content\/uploads\/2022\/02\/cms-a-banda-tony-robson-04-color-237x300.jpg 237w\" sizes=\"(max-width: 510px) 100vw, 510px\" \/><figcaption class=\"wp-element-caption\"><strong>TONY ROBSON<\/strong><br>(banjo e guitarra)<\/figcaption><\/figure>\n\n\n\n<figure class=\"wp-block-image size-full\"><img loading=\"lazy\" decoding=\"async\" width=\"492\" height=\"825\" data-id=\"867\" src=\"https:\/\/www.titomartinojazz.com.br\/cms\/wp-content\/uploads\/2024\/11\/cms-a-banda-captura-de-tela-52-1.png\" alt=\"\" class=\"wp-image-867\" srcset=\"https:\/\/www.titomartinojazz.com.br\/cms\/wp-content\/uploads\/2024\/11\/cms-a-banda-captura-de-tela-52-1.png 492w, https:\/\/www.titomartinojazz.com.br\/cms\/wp-content\/uploads\/2024\/11\/cms-a-banda-captura-de-tela-52-1-179x300.png 179w\" sizes=\"(max-width: 492px) 100vw, 492px\" \/><figcaption class=\"wp-element-caption\"><strong>RICARDO <\/strong>RAMOS <br>(baixo)<\/figcaption><\/figure>\n\n\n\n<figure class=\"wp-block-image size-full\"><a href=\"https:\/\/www.titomartinojazz.com.br\/cms\/billy-ponzio-bateria\/\"><img loading=\"lazy\" decoding=\"async\" width=\"640\" height=\"960\" data-id=\"382\" src=\"https:\/\/www.titomartinojazz.com.br\/cms\/wp-content\/uploads\/2019\/12\/BATERIA-E-WASHBOARD-BILLY-PONZIO.jpg\" alt=\"\" class=\"wp-image-382\" srcset=\"https:\/\/www.titomartinojazz.com.br\/cms\/wp-content\/uploads\/2019\/12\/BATERIA-E-WASHBOARD-BILLY-PONZIO.jpg 640w, https:\/\/www.titomartinojazz.com.br\/cms\/wp-content\/uploads\/2019\/12\/BATERIA-E-WASHBOARD-BILLY-PONZIO-200x300.jpg 200w, https:\/\/www.titomartinojazz.com.br\/cms\/wp-content\/uploads\/2019\/12\/BATERIA-E-WASHBOARD-BILLY-PONZIO-600x900.jpg 600w\" sizes=\"(max-width: 640px) 100vw, 640px\" \/><\/a><figcaption class=\"wp-element-caption\"><strong>BILLY PONZIO <\/strong><br>(bateria e washboard)<\/figcaption><\/figure>\n\n\n\n<figure class=\"wp-block-image size-full\"><img loading=\"lazy\" decoding=\"async\" width=\"900\" height=\"1200\" data-id=\"915\" src=\"https:\/\/www.titomartinojazz.com.br\/cms\/wp-content\/uploads\/2025\/06\/cms-a-banda-fundo-white-tmjb.png\" alt=\"\" class=\"wp-image-915\" srcset=\"https:\/\/www.titomartinojazz.com.br\/cms\/wp-content\/uploads\/2025\/06\/cms-a-banda-fundo-white-tmjb.png 900w, https:\/\/www.titomartinojazz.com.br\/cms\/wp-content\/uploads\/2025\/06\/cms-a-banda-fundo-white-tmjb-225x300.png 225w, https:\/\/www.titomartinojazz.com.br\/cms\/wp-content\/uploads\/2025\/06\/cms-a-banda-fundo-white-tmjb-768x1024.png 768w, https:\/\/www.titomartinojazz.com.br\/cms\/wp-content\/uploads\/2025\/06\/cms-a-banda-fundo-white-tmjb-600x800.png 600w\" sizes=\"(max-width: 900px) 100vw, 900px\" \/><\/figure>\n\n\n\n<figure class=\"wp-block-image size-large\"><img loading=\"lazy\" decoding=\"async\" width=\"768\" height=\"1024\" data-id=\"916\" src=\"https:\/\/www.titomartinojazz.com.br\/cms\/wp-content\/uploads\/2025\/06\/cms-a-banda-fundo-white-tmjb-1-768x1024.png\" alt=\"\" class=\"wp-image-916\" srcset=\"https:\/\/www.titomartinojazz.com.br\/cms\/wp-content\/uploads\/2025\/06\/cms-a-banda-fundo-white-tmjb-1-768x1024.png 768w, https:\/\/www.titomartinojazz.com.br\/cms\/wp-content\/uploads\/2025\/06\/cms-a-banda-fundo-white-tmjb-1-225x300.png 225w, https:\/\/www.titomartinojazz.com.br\/cms\/wp-content\/uploads\/2025\/06\/cms-a-banda-fundo-white-tmjb-1-600x800.png 600w, https:\/\/www.titomartinojazz.com.br\/cms\/wp-content\/uploads\/2025\/06\/cms-a-banda-fundo-white-tmjb-1.png 900w\" sizes=\"(max-width: 768px) 100vw, 768px\" \/><\/figure>\n<\/figure>\n\n\n<div class=\"wp-block-media-text alignwide\" style=\"grid-template-columns: 15% auto;\">\n<figure class=\"wp-block-media-text__media\"><\/figure>\n<div class=\"wp-block-media-text__content\">&nbsp;<\/div>\n<\/div>\n\n\n<p><\/p>\n","protected":false},"excerpt":{"rendered":"<p>JAZZ COM PAIX\u00c3O E SIMPLICIDADE &#8211; O JAZZ DE TITO MARTINO O TITO MARTINO JAZZ BAND toca o JAZZ TRADICIONAL AUT\u00caNTICO DE RAIZ, assim como foi tocado por Louis Armstrong, Benny Goodman e Duke Ellington. Eles n\u00e3o copiam nem fazem&#8230; <a class=\"more-link\" href=\"https:\/\/www.titomartinojazz.com.br\/cms\/a-banda\/\">Continue Reading &rarr;<\/a><\/p>\n","protected":false},"author":1,"featured_media":222,"parent":0,"menu_order":0,"comment_status":"closed","ping_status":"closed","template":"","meta":{"footnotes":""},"class_list":["post-9","page","type-page","status-publish","has-post-thumbnail","hentry"],"_links":{"self":[{"href":"https:\/\/www.titomartinojazz.com.br\/cms\/wp-json\/wp\/v2\/pages\/9","targetHints":{"allow":["GET"]}}],"collection":[{"href":"https:\/\/www.titomartinojazz.com.br\/cms\/wp-json\/wp\/v2\/pages"}],"about":[{"href":"https:\/\/www.titomartinojazz.com.br\/cms\/wp-json\/wp\/v2\/types\/page"}],"author":[{"embeddable":true,"href":"https:\/\/www.titomartinojazz.com.br\/cms\/wp-json\/wp\/v2\/users\/1"}],"replies":[{"embeddable":true,"href":"https:\/\/www.titomartinojazz.com.br\/cms\/wp-json\/wp\/v2\/comments?post=9"}],"version-history":[{"count":89,"href":"https:\/\/www.titomartinojazz.com.br\/cms\/wp-json\/wp\/v2\/pages\/9\/revisions"}],"predecessor-version":[{"id":938,"href":"https:\/\/www.titomartinojazz.com.br\/cms\/wp-json\/wp\/v2\/pages\/9\/revisions\/938"}],"wp:featuredmedia":[{"embeddable":true,"href":"https:\/\/www.titomartinojazz.com.br\/cms\/wp-json\/wp\/v2\/media\/222"}],"wp:attachment":[{"href":"https:\/\/www.titomartinojazz.com.br\/cms\/wp-json\/wp\/v2\/media?parent=9"}],"curies":[{"name":"wp","href":"https:\/\/api.w.org\/{rel}","templated":true}]}}